{"id":97,"date":"2020-07-22T12:47:19","date_gmt":"2020-07-22T12:47:19","guid":{"rendered":"http:\/\/machado-intercultural.com\/wordpress\/?page_id=97"},"modified":"2020-12-06T23:45:50","modified_gmt":"2020-12-06T23:45:50","slug":"referenzen","status":"publish","type":"page","link":"http:\/\/machado-intercultural.com\/pt\/referenzen\/","title":{"rendered":"Refer\u00eancias"},"content":{"rendered":"<h2 class=\"wp-block-heading\"><strong>Refer\u00eancias<\/strong> em diferentes setores<\/h2>\n\n\n\n<figure class=\"wp-block-image\"><img loading=\"lazy\" decoding=\"async\" width=\"1024\" height=\"681\" src=\"http:\/\/machado-intercultural.com\/wordpress\/wp-content\/uploads\/Referenzen-1024x681.jpg\" alt=\"\" class=\"wp-image-356\" srcset=\"http:\/\/machado-intercultural.com\/wp-content\/uploads\/Referenzen-1024x681.jpg 1024w, http:\/\/machado-intercultural.com\/wp-content\/uploads\/Referenzen-300x200.jpg 300w, http:\/\/machado-intercultural.com\/wp-content\/uploads\/Referenzen-768x511.jpg 768w\" sizes=\"(max-width: 1024px) 100vw, 1024px\" \/><\/figure>\n\n\n\n<p><strong>Ind\u00fastria Automobil\u00edstica<\/strong>&nbsp; <br>Daimler SA<br>Audi SA<br>VW SA<br>AMG Ltda<br>MAN Truck &amp; Bus SE<br>BOMAG Ltda<br> <br><strong>Fornecedores Automotivos<\/strong> <br>Bosch Ltda <br>Knorr-Bremse SA<br>Hirschvogel Holding Ltda<br>OKE Group Ltda<br>R\u00f6chling SE &amp; Co. KG<br>LuK GmbH &amp; Co. KG<br>Schaeffler Technologies GmbH &amp; Co. KG<br>Michelin SA<br>ZF SA <br>Rehau SA<br>Valeo SA<br>Brose Fahrzeugteile SE &amp; Co. KG<\/p>\n\n\n\n<p><strong>Engenharia Mec\u00e2nica<\/strong> <br>Voith Ltda <\/p>\n\n\n\n<p><strong>Ind\u00fastria Farmac\u00eautica<\/strong> <br>Schering SA<\/p>\n\n\n\n<p><strong>M\u00eddia<\/strong><br>Frankfurter Allgemeine Zeitung GmbH<\/p>\n\n\n\n<p><strong>Ind\u00fastria de Brinquedos<\/strong> <br>Mattel Ltda <\/p>\n\n\n\n<p><strong>Esporte<\/strong> <br>DFB e.V.<\/p>\n\n\n\n<p><strong>Ind\u00fastria Sider\u00fargica<\/strong> <br>ArcelorMittal SA<\/p>\n\n\n\n<p><strong>Dispositivos Motorizados<\/strong><br>Stihl SA<\/p>\n\n\n\n<p><strong>Energia & Abastecimento <br><\/strong>Siemens SA <br>ABB Ltda<br>E.ON Energia Alemanha Ltda<\/p>\n\n\n\n<p><strong>TI & Telecomunica\u00e7\u00f5es<\/strong> <br>AT&T SA <\/p>\n\n\n\n<p><strong>Cosm\u00e9ticos & Higiene<\/strong> <br>Procter & Gamble Ltda <\/p>\n\n\n\n<p><strong>Ind\u00fastria de Minera\u00e7\u00e3o<br><\/strong>RHI SA<\/p>\n\n\n\n<p><strong>Aeron\u00e1utica<\/strong> <br>Lufthansa SA <br>Liebherr Aerospace Ltda<\/p>\n\n\n\n<p><strong>Ind\u00fastria T\u00eaxtil<\/strong> <br>Barmag Oerlikon SA<\/p>\n\n\n\n<p><strong>Seguradora<\/strong> <br>M\u00fcnchener R\u00fcck SA<\/p>\n\n\n\n<p><strong>Engenharia de Instala\u00e7\u00f5es<\/strong><br>Krones SA<br> <br> <strong>Log\u00edstica<\/strong><br> Carls Schenck SA <\/p>\n\n\n\n<p><strong>Ind\u00fastria Gr\u00e1fica<\/strong> \/ <strong>Tintas de impress\u00e3o<\/strong><br>OC\u00c9 Ltda <br>Siegwerk Druckfarben AG &amp; Co. KGaA<\/p>\n\n\n\n<p><strong>M\u00e1quinas Rotuladoras<\/strong><br>HERMA Ltda<\/p>\n\n\n\n<p><strong>Produtos Qu\u00edmicos e Mat\u00e9rias Primas<\/strong>&nbsp;&nbsp; <br>Trelleborg Automotive Germany Ltda <br>Dow Chemical Ltda <\/p>\n\n\n\n<p><strong>Ind\u00fastria do Tabaco<\/strong><br>JTI Ltda<\/p>\n\n\n\n<p><strong>Ind\u00fastria de Jogos<\/strong><br>Merkur Gaming Ltda<\/p>\n\n\n\n<p><strong>Coopera\u00e7\u00e3o Internacional para o Desenvolvimento<\/strong><br>GIZ Ltda<br>Engagement Global Ltda Social<\/p>\n\n\n\n<p><strong>Parque de Exposi\u00e7\u00e3o<\/strong><br>N\u00fcrnbergMesse Ltda<\/p>\n\n\n\n<p><strong>Universidade<\/strong> <br>Universidade de Mannheim <\/p>","protected":false},"excerpt":{"rendered":"<p>Referenzen aus unterschiedlichsten Branchen Automobilindustrie&nbsp; Daimler AGAudi Akademie GmbHVW AGAMG GmbHMAN Truck &amp; Bus SEBOMAG GmbH Automobilzulieferer Bosch GmbH Knorr-Bremse AGHirschvogel Holding GmbHOKE Group GmbHR\u00f6chling SE &amp; Co. KGLuK GmbH &amp; Co. KGSchaeffler Technologies GmbH &amp; Co. KGMichelin Reifenwerk AGZF AG Rehau AGValeo AGBrose Fahrzeugteile SE &amp; Co. KG Maschinenbau Voith GmbH Pharma Industrie Schering&hellip;<\/p>","protected":false},"author":2,"featured_media":0,"parent":0,"menu_order":0,"comment_status":"closed","ping_status":"closed","template":"page-templates\/notitle-page.php","meta":{"footnotes":""},"_links":{"self":[{"href":"http:\/\/machado-intercultural.com\/pt\/wp-json\/wp\/v2\/pages\/97"}],"collection":[{"href":"http:\/\/machado-intercultural.com\/pt\/wp-json\/wp\/v2\/pages"}],"about":[{"href":"http:\/\/machado-intercultural.com\/pt\/wp-json\/wp\/v2\/types\/page"}],"author":[{"embeddable":true,"href":"http:\/\/machado-intercultural.com\/pt\/wp-json\/wp\/v2\/users\/2"}],"replies":[{"embeddable":true,"href":"http:\/\/machado-intercultural.com\/pt\/wp-json\/wp\/v2\/comments?post=97"}],"version-history":[{"count":17,"href":"http:\/\/machado-intercultural.com\/pt\/wp-json\/wp\/v2\/pages\/97\/revisions"}],"predecessor-version":[{"id":402,"href":"http:\/\/machado-intercultural.com\/pt\/wp-json\/wp\/v2\/pages\/97\/revisions\/402"}],"wp:attachment":[{"href":"http:\/\/machado-intercultural.com\/pt\/wp-json\/wp\/v2\/media?parent=97"}],"curies":[{"name":"wp","href":"https:\/\/api.w.org\/{rel}","templated":true}]}}