{"id":94,"date":"2020-07-22T12:41:57","date_gmt":"2020-07-22T12:41:57","guid":{"rendered":"http:\/\/machado-intercultural.com\/wordpress\/?page_id=94"},"modified":"2020-12-05T21:39:00","modified_gmt":"2020-12-05T21:39:00","slug":"portfolio","status":"publish","type":"page","link":"http:\/\/machado-intercultural.com\/pt\/portfolio\/","title":{"rendered":"Portfolio"},"content":{"rendered":"<h2 class=\"wp-block-heading\">Training, Consulting, Coaching sempre intercultural \u2013 o <strong>Portfolio<\/strong><\/h2>\n\n\n\n<figure class=\"wp-block-image\"><img loading=\"lazy\" decoding=\"async\" width=\"1024\" height=\"681\" src=\"http:\/\/machado-intercultural.com\/wordpress\/wp-content\/uploads\/Portfolio3-1024x681.jpg\" alt=\"\" class=\"wp-image-357\" srcset=\"http:\/\/machado-intercultural.com\/wp-content\/uploads\/Portfolio3-1024x681.jpg 1024w, http:\/\/machado-intercultural.com\/wp-content\/uploads\/Portfolio3-300x200.jpg 300w, http:\/\/machado-intercultural.com\/wp-content\/uploads\/Portfolio3-768x511.jpg 768w\" sizes=\"(max-width: 1024px) 100vw, 1024px\" \/><\/figure>\n\n\n\n<p><strong>Treinamento  <\/strong><br>Para as regi\u00f5es: Brasil, M\u00e9xico, Argentina, Chile, Uruguai, Am\u00e9rica Latina e Alemanha<br>Desenvolvimento de compet\u00eancias interculturais (com a ferramenta TIP)<br>Gest\u00e3o \u00e1gil no contexto global<br>Gest\u00e3o de projetos<br>Liderando equipes internacionais<br>Repatria\u00e7\u00e3o   <br>Workshop de impulso sobre coopera\u00e7\u00e3o intercultural <br>Forma\u00e7\u00e3o de equipes multiculturais baseadas na neuroci\u00eancia (com a ferramenta DPI)<br>Neg\u00f3cios orientados para o valor<\/p>\n\n\n\n<p>O principal objetivo do treinamento intercultural \u00e9 preparar o expatriado para seu trabalho no exterior. Em sess\u00f5es de treinamento, workshops ou semin\u00e1rios interculturais, os participantes trabalham com estudos de casos, filmes, simula\u00e7\u00f5es e exerc\u00edcios que os ajudar\u00e3o a se orientar na cultura de neg\u00f3cios e no estilo de comunica\u00e7\u00e3o do pa\u00eds de destino, facilitando sua integra\u00e7\u00e3o social e profissional no exterior.\nRecomenda\u00e7\u00e3o: combinar os programas de treinamento com coaching para obter respostas e solu\u00e7\u00f5es personalizadas para o seu caso.<\/p>\n\n\n\n<p><strong>Consultoria<\/strong><br>Programas de desenvolvimento internacional de pessoal<br>Desenvolvimento de m\u00e3o-de-obra global<br>Programas de interc\u00e2mbio de know-how<br>Kick-off de projetos internacionais     <br>Otimiza\u00e7\u00e3o do trabalho intercultural em equipe<br>Avalia\u00e7\u00e3o de projetos (Lessons Learned)<br>Sounding Board<br>Programa internacional de vendas e marketing no segmento premium<br>Gest\u00e3o internacional de pessoas e projetos<\/p>\n\n\n\n<p>Desenvolvimento de estrat\u00e9gias personalizadas adaptadas aos seus desafios internacionais. Baseado no conceito \"pensar globalmente - agir localmente\", o foco principal aqui \u00e9 integrar pessoas e projetos, identificando e criando novas formas e processos de trabalho na coopera\u00e7\u00e3o intercultural.  <\/p>\n\n\n\n<p><strong>Coaching<\/strong><br>Reintegra\u00e7\u00e3o de expatriados<br>Avalia\u00e7\u00e3o de equipes de trabalho<br>Acompanhamento no processo de forma\u00e7\u00e3o de  equipes internacionais <br>Desenvolvimento de planos de a\u00e7\u00e3o<\/p>\n\n\n\n<p>Seja o coaching ele, individual, em equipe, de projetos ou comercial \u2013 o foco principal \u00e9 a dimens\u00e3o intercultural da coopera\u00e7\u00e3o. O coaching \u00e9 sempre sob medida, personalizado e baseado no \"aqui e agora\" da situa\u00e7\u00e3o concreta de trabalho. Al\u00e9m de agu\u00e7ar a percep\u00e7\u00e3o, as sess\u00f5es de coaching permitem ao participante identificar as peculiaridades culturais e o estilo pr\u00f3prio e alheio de trabalhar e interagir. O coaching auxilia pessoas e empresas a identificar pontos comuns e a encontrar solu\u00e7\u00f5es para seus problemas.  <\/p>\n\n\n\n<p><strong>Demais servi\u00e7os<\/strong><br>Acompanhamento de delega\u00e7\u00f5es   <br>Palestras      <br>Apresenta\u00e7\u00e3o      <\/p>","protected":false},"excerpt":{"rendered":"<p>Training, Consulting, Coaching immer interkulturell \u2013 das Portfolio Training Regionspezifisch: Brasilien, Mexico, Argentinien, Chile, Uruguay, Lateinamerika und DeutschlandInterkulturelle Kompetenzentwicklung (mit dem Tool TIP)Agiles Managen in einem internationalen KontextInternationales ProjektmanagementInternationale Teams leitenRepatriation Impulsworkshop zur interkulturellen Zusammenarbeit Neurowissenschaftlich basiertes Teambuildung (mit dem Tool DPI)Value-driven Business etc. Interkulturelles Training dient haupts\u00e4chlich der Auslandsvorbereitung von Expats. In Trainings erarbeiten&hellip;<\/p>","protected":false},"author":2,"featured_media":0,"parent":0,"menu_order":0,"comment_status":"closed","ping_status":"closed","template":"page-templates\/notitle-page.php","meta":{"footnotes":""},"_links":{"self":[{"href":"http:\/\/machado-intercultural.com\/pt\/wp-json\/wp\/v2\/pages\/94"}],"collection":[{"href":"http:\/\/machado-intercultural.com\/pt\/wp-json\/wp\/v2\/pages"}],"about":[{"href":"http:\/\/machado-intercultural.com\/pt\/wp-json\/wp\/v2\/types\/page"}],"author":[{"embeddable":true,"href":"http:\/\/machado-intercultural.com\/pt\/wp-json\/wp\/v2\/users\/2"}],"replies":[{"embeddable":true,"href":"http:\/\/machado-intercultural.com\/pt\/wp-json\/wp\/v2\/comments?post=94"}],"version-history":[{"count":52,"href":"http:\/\/machado-intercultural.com\/pt\/wp-json\/wp\/v2\/pages\/94\/revisions"}],"predecessor-version":[{"id":401,"href":"http:\/\/machado-intercultural.com\/pt\/wp-json\/wp\/v2\/pages\/94\/revisions\/401"}],"wp:attachment":[{"href":"http:\/\/machado-intercultural.com\/pt\/wp-json\/wp\/v2\/media?parent=94"}],"curies":[{"name":"wp","href":"https:\/\/api.w.org\/{rel}","templated":true}]}}