{"id":81,"date":"2020-07-22T12:21:54","date_gmt":"2020-07-22T12:21:54","guid":{"rendered":"http:\/\/machado-intercultural.com\/wordpress\/?page_id=81"},"modified":"2020-09-25T21:04:20","modified_gmt":"2020-09-25T21:04:20","slug":"home-2","status":"publish","type":"page","link":"http:\/\/machado-intercultural.com\/pt\/","title":{"rendered":"Home"},"content":{"rendered":"<p>Voc\u00ea quer utilizar todo o potencial de sua equipe internacional?<br>Deseja realizar um interc\u00e2mbio de know-how entre a empresa matriz e sua filial em outro pa\u00eds?<br>Quer compreender os resultados de uma estrutura implantada globalmente para poder otimizar sua aplica\u00e7\u00e3o local?<br>Planeja a instala\u00e7\u00e3o de uma unidade industrial em um pa\u00eds estrangeiro?<br>Recebeu uma proposta para trabalhar no exterior?<br>Voc\u00ea sabe como se gerencia projetos no pa\u00eds de destino? <br> <br>Entre as pioneiras do setor, ofere\u00e7o uma variedade de solu\u00e7\u00f5es espec\u00edficas para as \u00e1reas de gest\u00e3o e comunica\u00e7\u00e3o intercultural de projetos no \u00e2mbito da ind\u00fastria. Atuo principalmente em projetos entre Brasil e Alemanha.<\/p>\n\n\n\n<p>Seus projetos internacionais podem se beneficiar da compet\u00eancia cultural de todos os envolvidos! <\/p>","protected":false},"excerpt":{"rendered":"<p>Wollen Sie das volle Potenzial ihres internationalen Teams nutzen?W\u00fcnschen Sie sich einen Know-how-Transfer zwischen Mutter- und Auslandsgesellschaft?Wollen Sie die Resonanz Ihrer global eingesetzten Struktur erforschen, um sie lokal optimal zu integrieren?Planen Sie die Er\u00f6ffnung einer Niederlassung im Ausland?Haben Sie die Chance als Fachexperte ins Ausland entsandt zu werden?Wissen Sie wie im Zielland Projekte gemanagt werden?&hellip;<\/p>","protected":false},"author":1,"featured_media":0,"parent":0,"menu_order":0,"comment_status":"closed","ping_status":"closed","template":"page-templates\/notitle-page.php","meta":{"footnotes":""},"_links":{"self":[{"href":"http:\/\/machado-intercultural.com\/pt\/wp-json\/wp\/v2\/pages\/81"}],"collection":[{"href":"http:\/\/machado-intercultural.com\/pt\/wp-json\/wp\/v2\/pages"}],"about":[{"href":"http:\/\/machado-intercultural.com\/pt\/wp-json\/wp\/v2\/types\/page"}],"author":[{"embeddable":true,"href":"http:\/\/machado-intercultural.com\/pt\/wp-json\/wp\/v2\/users\/1"}],"replies":[{"embeddable":true,"href":"http:\/\/machado-intercultural.com\/pt\/wp-json\/wp\/v2\/comments?post=81"}],"version-history":[{"count":11,"href":"http:\/\/machado-intercultural.com\/pt\/wp-json\/wp\/v2\/pages\/81\/revisions"}],"predecessor-version":[{"id":370,"href":"http:\/\/machado-intercultural.com\/pt\/wp-json\/wp\/v2\/pages\/81\/revisions\/370"}],"wp:attachment":[{"href":"http:\/\/machado-intercultural.com\/pt\/wp-json\/wp\/v2\/media?parent=81"}],"curies":[{"name":"wp","href":"https:\/\/api.w.org\/{rel}","templated":true}]}}